{"id":9288,"date":"2025-04-15T07:32:37","date_gmt":"2025-04-15T07:32:37","guid":{"rendered":"https:\/\/www.3tmillwork.com\/video\/"},"modified":"2026-04-01T08:39:16","modified_gmt":"2026-04-01T08:39:16","slug":"video","status":"publish","type":"page","link":"https:\/\/www.3tmillwork.com\/es\/video\/","title":{"rendered":"V\u00eddeo"},"content":{"rendered":"\t\t<div data-elementor-type=\"wp-page\" data-elementor-id=\"9288\" class=\"elementor elementor-9288 elementor-2445\" data-elementor-post-type=\"page\">\n\t\t\t\t<div class=\"elementor-element elementor-element-4eba238 e-flex e-con-boxed e-con e-parent\" data-id=\"4eba238\" data-element_type=\"container\" data-settings=\"{&quot;background_background&quot;:&quot;classic&quot;}\">\n\t\t\t\t\t<div class=\"e-con-inner\">\n\t\t\t\t<div class=\"elementor-element elementor-element-66528f7 elementor-widget elementor-widget-heading\" data-id=\"66528f7\" data-element_type=\"widget\" data-widget_type=\"heading.default\">\n\t\t\t\t\t<h2 class=\"elementor-heading-title elementor-size-default\">V\u00eddeo<\/h2>\t\t\t\t<\/div>\n\t\t\t\t<div class=\"elementor-element elementor-element-ecaefd2 e-tabs-view-vertical elementor-layout-end elementor-widget elementor-widget-video-playlist\" data-id=\"ecaefd2\" data-element_type=\"widget\" data-settings=\"{&quot;playlist_title&quot;:&quot;\\u00daltimo v\\u00eddeo&quot;,&quot;tabs&quot;:[{&quot;title&quot;:&quot;PRUEBA DE INMERSI\\u00d3N EN AGUA DE 24 HORAS&quot;,&quot;youtube_url&quot;:&quot;https:\\\/\\\/youtu.be\\\/C-4zZM_ZNI0?si=T5lBqUP69rfdAqzY&quot;,&quot;duration&quot;:&quot;2:17&quot;,&quot;thumbnail&quot;:{&quot;url&quot;:&quot;https:\\\/\\\/img.youtube.com\\\/vi\\\/XHOmBV4js_E\\\/maxresdefault.jpg&quot;,&quot;id&quot;:&quot;&quot;,&quot;size&quot;:&quot;&quot;},&quot;_id&quot;:&quot;78069d4&quot;,&quot;vimeo_url&quot;:null,&quot;type&quot;:&quot;youtube&quot;,&quot;is_external_url&quot;:null,&quot;hosted_url&quot;:null,&quot;external_url&quot;:null,&quot;section_html_tag&quot;:null,&quot;video_html_tag&quot;:&quot;h4&quot;,&quot;inner_tab_is_content_visible&quot;:&quot;&quot;,&quot;inner_tab_content_1&quot;:null,&quot;inner_tab_content_2&quot;:null},{&quot;title&quot;:&quot;PRUEBA DE INMERSI\\u00d3N EN AGUA DE 72 HORAS&quot;,&quot;youtube_url&quot;:&quot;https:\\\/\\\/youtu.be\\\/4qeRMIULVmg?si=c695lYCGiAD7PVoS&quot;,&quot;duration&quot;:&quot;2:17&quot;,&quot;thumbnail&quot;:{&quot;url&quot;:&quot;https:\\\/\\\/img.youtube.com\\\/vi\\\/XHOmBV4js_E\\\/maxresdefault.jpg&quot;,&quot;id&quot;:&quot;&quot;,&quot;size&quot;:&quot;&quot;},&quot;vimeo_url&quot;:null,&quot;_id&quot;:&quot;61096f3&quot;,&quot;type&quot;:&quot;youtube&quot;,&quot;is_external_url&quot;:null,&quot;hosted_url&quot;:null,&quot;external_url&quot;:null,&quot;section_html_tag&quot;:null,&quot;video_html_tag&quot;:&quot;h4&quot;,&quot;inner_tab_is_content_visible&quot;:&quot;&quot;,&quot;inner_tab_content_1&quot;:null,&quot;inner_tab_content_2&quot;:null}],&quot;inner_tab_title_1&quot;:&quot;Pesta\\u00f1a #1&quot;,&quot;inner_tab_title_2&quot;:&quot;Pesta\\u00f1a #2&quot;}\" data-widget_type=\"video-playlist.default\">\n\t\t\t\t\t\r\n\t\t<div class=\"e-tabs\" role=\"region\" aria-labelledby=\"e-playlist-ecaefd2\">\r\n\t\t\t<div class=\"e-tabs-main-area\">\r\n\t\t\t\t<div class=\"e-tabs-wrapper\">\r\n\t\t\t\t\t<div class=\"e-tabs-header\">\r\n\t\t\t\t\t\t<h2 class=\"e-tabs-title\" id=\"e-playlist-ecaefd2\">\u00daltimo v\u00eddeo<\/h2>\r\n\t\t\t\t\t\t<div class=\"e-tabs-header-right-side\">\r\n\t\t\t\t\t\t\t\t\t\t\t\t\t\t\t<span class=\"e-tabs-videos-count\">2 Videos<\/span>\r\n\t\t\t\t\t\t\t\t\t\t\t\t\t\t<svg aria-hidden=\"true\" class=\"e-tabs-toggle-videos-display-button rotate-down e-font-icon-svg e-eicon-caret-down\" viewBox=\"0 0 571.4 571.4\" xmlns=\"http:\/\/www.w3.org\/2000\/svg\"><path d=\"M571 393Q571 407 561 418L311 668Q300 679 286 679T261 668L11 418Q0 407 0 393T11 368 36 357H536Q550 357 561 368T571 393Z\"><\/path><\/svg>\t\t\t\t\t\t<\/div>\r\n\t\t\t\t\t<\/div>\r\n\t\t\t\t\t<div class=\"e-tabs-items-wrapper\">\r\n\t\t\t\t\t\t<div class=\"e-tabs-items\" role=\"tablist\">\r\n\t\t\t\t\t\t\t\t\t\t\t\t\t\t\t\t\t\t\t\t\t\t\t\t<div id=\"e-tab-title-2481\" class=\"e-tab-title e-tab-desktop-title\" aria-selected=\"true\" data-tab=\"1\" role=\"tab\" tabindex=\"0\" aria-controls=\"e-tab-content-2481\">\r\n\t\t\t\t\t\t\t\t\t\t\t\t\t\t\t\t\t\t\t\t\t<div class=\"e-tab-thumbnail\">\r\n\t\t\t\t\t\t\t\t\t\t\t\t\t\t\t\t\t\t\t\t\t\t\t\t\t<img decoding=\"async\" src=\"https:\/\/img.youtube.com\/vi\/XHOmBV4js_E\/maxresdefault.jpg\" alt=\"PRUEBA DE INMERSI\u00d3N EN AGUA DE 24 HORAS\" loading=\"lazy\" \/>\r\n\t\t\t\t\t\t\t\t\t\t\t\t\t\t\t\t\t\t\t\t\t\t\t\t<span class=\"icon-play\"><svg aria-hidden=\"true\" class=\"e-font-icon-svg e-fas-play-circle\" viewBox=\"0 0 512 512\" xmlns=\"http:\/\/www.w3.org\/2000\/svg\"><path d=\"M256 8C119 8 8 119 8 256s111 248 248 248 248-111 248-248S393 8 256 8zm115.7 272l-176 101c-15.8 8.8-35.7-2.5-35.7-21V152c0-18.4 19.8-29.8 35.7-21l176 107c16.4 9.2 16.4 32.9 0 42z\"><\/path><\/svg><\/span>\r\n\t\t\t\t\t\t\t\t\t\t\t\t<span class=\"icon-watched\"><svg aria-hidden=\"true\" class=\"e-font-icon-svg e-fas-check-circle\" viewBox=\"0 0 512 512\" xmlns=\"http:\/\/www.w3.org\/2000\/svg\"><path d=\"M504 256c0 136.967-111.033 248-248 248S8 392.967 8 256 119.033 8 256 8s248 111.033 248 248zM227.314 387.314l184-184c6.248-6.248 6.248-16.379 0-22.627l-22.627-22.627c-6.248-6.249-16.379-6.249-22.628 0L216 308.118l-70.059-70.059c-6.248-6.248-16.379-6.248-22.628 0l-22.627 22.627c-6.248 6.248-6.248 16.379 0 22.627l104 104c6.249 6.249 16.379 6.249 22.628.001z\"><\/path><\/svg><\/span>\r\n\t\t\t\t\t\t\t\t\t\t\t<\/div>\r\n\t\t\t\t\t\t\t\t\t\t\t\t\t\t\t\t\t\t\t\t<h4 class=\"e-tab-title-text\">\r\n\t\t\t\t\t\t\t\t\t\t\t<button type=\"button\">PRUEBA DE INMERSI\u00d3N EN AGUA DE 24 HORAS<\/button>\r\n\t\t\t\t\t\t\t\t\t\t<\/h4>\r\n\t\t\t\t\t\t\t\t\t\t\t\t\t\t\t\t\t\t\t\t\t<span class=\"e-tab-duration\">2:17<\/span>\r\n\t\t\t\t\t\t\t\t\t\t\t\t\t\t\t\t\t\t\t<\/div>\r\n\t\t\t\t\t\t\t\t\t\t\t\t\t\t\t\t\t\t\t\t\t\t\t\t\t\t\t\t\t\t\t\t<div id=\"e-tab-title-2482\" class=\"e-tab-title e-tab-desktop-title\" aria-selected=\"false\" data-tab=\"2\" role=\"tab\" tabindex=\"-1\" aria-controls=\"e-tab-content-2482\">\r\n\t\t\t\t\t\t\t\t\t\t\t\t\t\t\t\t\t\t\t\t\t<div class=\"e-tab-thumbnail\">\r\n\t\t\t\t\t\t\t\t\t\t\t\t\t\t\t\t\t\t\t\t\t\t\t\t\t<img decoding=\"async\" src=\"https:\/\/img.youtube.com\/vi\/XHOmBV4js_E\/maxresdefault.jpg\" alt=\"PRUEBA DE INMERSI\u00d3N EN AGUA DE 72 HORAS\" loading=\"lazy\" \/>\r\n\t\t\t\t\t\t\t\t\t\t\t\t\t\t\t\t\t\t\t\t\t\t\t\t<span class=\"icon-play\"><svg aria-hidden=\"true\" class=\"e-font-icon-svg e-fas-play-circle\" viewBox=\"0 0 512 512\" xmlns=\"http:\/\/www.w3.org\/2000\/svg\"><path d=\"M256 8C119 8 8 119 8 256s111 248 248 248 248-111 248-248S393 8 256 8zm115.7 272l-176 101c-15.8 8.8-35.7-2.5-35.7-21V152c0-18.4 19.8-29.8 35.7-21l176 107c16.4 9.2 16.4 32.9 0 42z\"><\/path><\/svg><\/span>\r\n\t\t\t\t\t\t\t\t\t\t\t\t<span class=\"icon-watched\"><svg aria-hidden=\"true\" class=\"e-font-icon-svg e-fas-check-circle\" viewBox=\"0 0 512 512\" xmlns=\"http:\/\/www.w3.org\/2000\/svg\"><path d=\"M504 256c0 136.967-111.033 248-248 248S8 392.967 8 256 119.033 8 256 8s248 111.033 248 248zM227.314 387.314l184-184c6.248-6.248 6.248-16.379 0-22.627l-22.627-22.627c-6.248-6.249-16.379-6.249-22.628 0L216 308.118l-70.059-70.059c-6.248-6.248-16.379-6.248-22.628 0l-22.627 22.627c-6.248 6.248-6.248 16.379 0 22.627l104 104c6.249 6.249 16.379 6.249 22.628.001z\"><\/path><\/svg><\/span>\r\n\t\t\t\t\t\t\t\t\t\t\t<\/div>\r\n\t\t\t\t\t\t\t\t\t\t\t\t\t\t\t\t\t\t\t\t<h4 class=\"e-tab-title-text\">\r\n\t\t\t\t\t\t\t\t\t\t\t<button type=\"button\">PRUEBA DE INMERSI\u00d3N EN AGUA DE 72 HORAS<\/button>\r\n\t\t\t\t\t\t\t\t\t\t<\/h4>\r\n\t\t\t\t\t\t\t\t\t\t\t\t\t\t\t\t\t\t\t\t\t<span class=\"e-tab-duration\">2:17<\/span>\r\n\t\t\t\t\t\t\t\t\t\t\t\t\t\t\t\t\t\t\t<\/div>\r\n\t\t\t\t\t\t\t\t\t\t\t\t\t\t\t\t\t\t\t\t\t<\/div>\r\n\t\t\t\t\t\t<div class=\"shadow shadow-top\" aria-hidden=\"true\"><\/div>\r\n\t\t\t\t\t\t<div class=\"shadow shadow-bottom\" aria-hidden=\"true\"><\/div>\r\n\t\t\t\t\t<\/div>\r\n\t\t\t\t<\/div>\r\n\r\n\t\t\t\t<div class=\"e-tabs-content-wrapper\" role=\"tablist\" aria-orientation=\"vertical\">\r\n\t\t\t\t\t\t\t\t\t\t\t<div id=\"e-tab-content-2481\" class=\"e-tab-content elementor-clearfix\" data-tab=\"1\" role=\"tabpanel\" aria-labelledby=\"e-tab-title-2481\" tabindex=\"0\" data-video-url=\"https:\/\/youtu.be\/C-4zZM_ZNI0?si=T5lBqUP69rfdAqzY\" data-video-type=\"youtube\" data-video-title=\"PRUEBA DE INMERSI\u00d3N EN AGUA DE 24 HORAS\" data-video-duration=\"2:17\">\r\n\t\t\t\t\t\t\t<div><\/div>\r\n\t\t\t\t\t\t\t\t\t\t\t\t\t<\/div>\r\n\t\t\t\t\t\t\t\t\t\t\t<div id=\"e-tab-content-2482\" class=\"e-tab-content elementor-clearfix\" data-tab=\"2\" role=\"tabpanel\" aria-labelledby=\"e-tab-title-2482\" tabindex=\"0\" data-video-url=\"https:\/\/youtu.be\/4qeRMIULVmg?si=c695lYCGiAD7PVoS\" data-video-type=\"youtube\" data-video-title=\"PRUEBA DE INMERSI\u00d3N EN AGUA DE 72 HORAS\" data-video-duration=\"2:17\" hidden=\"hidden\">\r\n\t\t\t\t\t\t\t<div><\/div>\r\n\t\t\t\t\t\t\t\t\t\t\t\t\t<\/div>\r\n\t\t\t\t\t\t\t\t\t<\/div>\r\n\t\t\t<\/div>\r\n\r\n\t\t\t<div class=\"e-tabs-inner-tabs\" >\r\n\t\t\t\t\t\t\t\t\t\t\t\t\t\t\t\t\t\t\t\t\t\t\t\t\t<\/div>\r\n\t\t<\/div>\r\n\t\t\t\t\t\t<\/div>\n\t\t\t\t\t<\/div>\n\t\t\t\t<\/div>\n\t\t<div class=\"elementor-element elementor-element-01bf921 e-flex e-con-boxed e-con e-parent\" data-id=\"01bf921\" data-element_type=\"container\">\n\t\t\t\t\t<div class=\"e-con-inner\">\n\t\t<div class=\"elementor-element elementor-element-ebded5c e-con-full e-flex e-con e-child\" data-id=\"ebded5c\" data-element_type=\"container\">\n\t\t\t\t<div class=\"elementor-element elementor-element-35b3139 elementor-widget elementor-widget-video\" data-id=\"35b3139\" data-element_type=\"widget\" data-settings=\"{&quot;youtube_url&quot;:&quot;https:\\\/\\\/youtu.be\\\/C-4zZM_ZNI0?si=713RvZ5E1AmMK5B6&quot;,&quot;video_type&quot;:&quot;youtube&quot;,&quot;controls&quot;:&quot;yes&quot;}\" data-widget_type=\"video.default\">\n\t\t\t\t\t\t\t<div class=\"elementor-wrapper elementor-open-inline\">\n\t\t\t<div class=\"elementor-video\"><\/div>\t\t<\/div>\n\t\t\t\t\t\t<\/div>\n\t\t\t\t<div class=\"elementor-element elementor-element-ce67562 elementor-widget elementor-widget-heading\" data-id=\"ce67562\" data-element_type=\"widget\" data-widget_type=\"heading.default\">\n\t\t\t\t\t<h3 class=\"elementor-heading-title elementor-size-default\">PRUEBA DE INMERSI\u00d3N EN AGUA DE 24 HORAS<\/h3>\t\t\t\t<\/div>\n\t\t\t\t<\/div>\n\t\t<div class=\"elementor-element elementor-element-c79de7b e-con-full e-flex e-con e-child\" data-id=\"c79de7b\" data-element_type=\"container\">\n\t\t\t\t<div class=\"elementor-element elementor-element-5a047db elementor-widget elementor-widget-video\" data-id=\"5a047db\" data-element_type=\"widget\" data-settings=\"{&quot;youtube_url&quot;:&quot;https:\\\/\\\/youtu.be\\\/4qeRMIULVmg?si=Rc4UXDkEt_ZWmWLA&quot;,&quot;video_type&quot;:&quot;youtube&quot;,&quot;controls&quot;:&quot;yes&quot;}\" data-widget_type=\"video.default\">\n\t\t\t\t\t\t\t<div class=\"elementor-wrapper elementor-open-inline\">\n\t\t\t<div class=\"elementor-video\"><\/div>\t\t<\/div>\n\t\t\t\t\t\t<\/div>\n\t\t\t\t<div class=\"elementor-element elementor-element-3b95e14 elementor-widget elementor-widget-heading\" data-id=\"3b95e14\" data-element_type=\"widget\" data-widget_type=\"heading.default\">\n\t\t\t\t\t<h3 class=\"elementor-heading-title elementor-size-default\">PRUEBA DE INMERSI\u00d3N EN AGUA DE 72 HORAS<\/h3>\t\t\t\t<\/div>\n\t\t\t\t<\/div>\n\t\t<div class=\"elementor-element elementor-element-7708601 e-con-full e-flex e-con e-child\" data-id=\"7708601\" data-element_type=\"container\">\n\t\t\t\t<div class=\"elementor-element elementor-element-dd6c443 elementor-widget elementor-widget-video\" data-id=\"dd6c443\" data-element_type=\"widget\" data-settings=\"{&quot;youtube_url&quot;:&quot;https:\\\/\\\/youtu.be\\\/_OJi9w1wOUc?si=evVbphohqLeSpo-D&quot;,&quot;video_type&quot;:&quot;youtube&quot;,&quot;controls&quot;:&quot;yes&quot;}\" data-widget_type=\"video.default\">\n\t\t\t\t\t\t\t<div class=\"elementor-wrapper elementor-open-inline\">\n\t\t\t<div class=\"elementor-video\"><\/div>\t\t<\/div>\n\t\t\t\t\t\t<\/div>\n\t\t\t\t<div class=\"elementor-element elementor-element-59433fe elementor-widget elementor-widget-heading\" data-id=\"59433fe\" data-element_type=\"widget\" data-widget_type=\"heading.default\">\n\t\t\t\t\t<h3 class=\"elementor-heading-title elementor-size-default\">Prueba de resistencia al fuego<\/h3>\t\t\t\t<\/div>\n\t\t\t\t<\/div>\n\t\t<div class=\"elementor-element elementor-element-8a27c41 e-con-full e-flex e-con e-child\" data-id=\"8a27c41\" data-element_type=\"container\">\n\t\t\t\t<div class=\"elementor-element elementor-element-25c41a2 elementor-widget elementor-widget-video\" data-id=\"25c41a2\" data-element_type=\"widget\" data-settings=\"{&quot;youtube_url&quot;:&quot;https:\\\/\\\/youtu.be\\\/KukjXOTRDc8?si=FEzD-iIqbHEvlbqI&quot;,&quot;video_type&quot;:&quot;youtube&quot;,&quot;controls&quot;:&quot;yes&quot;}\" data-widget_type=\"video.default\">\n\t\t\t\t\t\t\t<div class=\"elementor-wrapper elementor-open-inline\">\n\t\t\t<div class=\"elementor-video\"><\/div>\t\t<\/div>\n\t\t\t\t\t\t<\/div>\n\t\t\t\t<div class=\"elementor-element elementor-element-b0b3183 elementor-widget elementor-widget-heading\" data-id=\"b0b3183\" data-element_type=\"widget\" data-widget_type=\"heading.default\">\n\t\t\t\t\t<h3 class=\"elementor-heading-title elementor-size-default\">Prueba de inmersi\u00f3n en agua de 48 horas<\/h3>\t\t\t\t<\/div>\n\t\t\t\t<\/div>\n\t\t\t\t\t<\/div>\n\t\t\t\t<\/div>\n\t\t<div class=\"elementor-element elementor-element-027322d e-flex e-con-boxed e-con e-parent\" data-id=\"027322d\" data-element_type=\"container\">\n\t\t\t\t\t<div class=\"e-con-inner\">\n\t\t<div class=\"elementor-element elementor-element-be13661 e-con-full e-flex e-con e-child\" data-id=\"be13661\" data-element_type=\"container\">\n\t\t\t\t<div class=\"elementor-element elementor-element-d7ae2ed elementor-widget elementor-widget-video\" data-id=\"d7ae2ed\" data-element_type=\"widget\" data-settings=\"{&quot;youtube_url&quot;:&quot;https:\\\/\\\/youtu.be\\\/KukjXOTRDc8?si=FEzD-iIqbHEvlbqI&quot;,&quot;video_type&quot;:&quot;youtube&quot;,&quot;controls&quot;:&quot;yes&quot;}\" data-widget_type=\"video.default\">\n\t\t\t\t\t\t\t<div class=\"elementor-wrapper elementor-open-inline\">\n\t\t\t<div class=\"elementor-video\"><\/div>\t\t<\/div>\n\t\t\t\t\t\t<\/div>\n\t\t\t\t<div class=\"elementor-element elementor-element-12ace0f elementor-widget elementor-widget-heading\" data-id=\"12ace0f\" data-element_type=\"widget\" data-widget_type=\"heading.default\">\n\t\t\t\t\t<h3 class=\"elementor-heading-title elementor-size-default\">La moldura de madera de pino imprimada en blanco<\/h3>\t\t\t\t<\/div>\n\t\t\t\t<\/div>\n\t\t<div class=\"elementor-element elementor-element-7d06b17 e-con-full e-flex e-con e-child\" data-id=\"7d06b17\" data-element_type=\"container\">\n\t\t\t\t<\/div>\n\t\t<div class=\"elementor-element elementor-element-122220b e-con-full e-flex e-con e-child\" data-id=\"122220b\" data-element_type=\"container\">\n\t\t\t\t<\/div>\n\t\t<div class=\"elementor-element elementor-element-11f67d8 e-con-full e-flex e-con e-child\" data-id=\"11f67d8\" data-element_type=\"container\">\n\t\t\t\t<\/div>\n\t\t\t\t\t<\/div>\n\t\t\t\t<\/div>\n\t\t\t\t<\/div>\n\t\t","protected":false},"excerpt":{"rendered":"<p>V\u00eddeo \u00daltimo v\u00eddeo 2 Videos PRUEBA DE INMERSI\u00d3N EN AGUA DE 24 HORAS 2:17 PRUEBA DE INMERSI\u00d3N EN AGUA DE 72 HORAS 2:17 https:\/\/youtu.be\/C-4zZM_ZNI0?si=713RvZ5E1AmMK5B6 PRUEBA DE INMERSI\u00d3N EN AGUA DE 24 HORAS https:\/\/youtu.be\/4qeRMIULVmg?si=Rc4UXDkEt_ZWmWLA PRUEBA DE INMERSI\u00d3N EN AGUA DE 72 HORAS https:\/\/youtu.be\/_OJi9w1wOUc?si=evVbphohqLeSpo-D Prueba de resistencia al fuego https:\/\/youtu.be\/KukjXOTRDc8?si=FEzD-iIqbHEvlbqI Prueba de inmersi\u00f3n en agua de 48 [&hellip;]<\/p>\n","protected":false},"author":2,"featured_media":0,"parent":0,"menu_order":0,"comment_status":"closed","ping_status":"closed","template":"","meta":{"footnotes":""},"class_list":["post-9288","page","type-page","status-publish","hentry"],"_links":{"self":[{"href":"https:\/\/www.3tmillwork.com\/es\/wp-json\/wp\/v2\/pages\/9288","targetHints":{"allow":["GET"]}}],"collection":[{"href":"https:\/\/www.3tmillwork.com\/es\/wp-json\/wp\/v2\/pages"}],"about":[{"href":"https:\/\/www.3tmillwork.com\/es\/wp-json\/wp\/v2\/types\/page"}],"author":[{"embeddable":true,"href":"https:\/\/www.3tmillwork.com\/es\/wp-json\/wp\/v2\/users\/2"}],"replies":[{"embeddable":true,"href":"https:\/\/www.3tmillwork.com\/es\/wp-json\/wp\/v2\/comments?post=9288"}],"version-history":[{"count":0,"href":"https:\/\/www.3tmillwork.com\/es\/wp-json\/wp\/v2\/pages\/9288\/revisions"}],"wp:attachment":[{"href":"https:\/\/www.3tmillwork.com\/es\/wp-json\/wp\/v2\/media?parent=9288"}],"curies":[{"name":"wp","href":"https:\/\/api.w.org\/{rel}","templated":true}]}}