{"id":9653,"date":"2025-04-02T07:46:11","date_gmt":"2025-04-02T07:46:11","guid":{"rendered":"https:\/\/www.3tmillwork.com\/noticias\/"},"modified":"2026-04-01T12:30:55","modified_gmt":"2026-04-01T12:30:55","slug":"noticias","status":"publish","type":"page","link":"https:\/\/www.3tmillwork.com\/pt-pt\/noticias\/","title":{"rendered":"Not\u00edcias"},"content":{"rendered":"\t\t<div data-elementor-type=\"wp-page\" data-elementor-id=\"9653\" class=\"elementor elementor-9653 elementor-2212\" data-elementor-post-type=\"page\">\n\t\t\t\t<div class=\"elementor-element elementor-element-52e33a4 e-flex e-con-boxed e-con e-parent\" data-id=\"52e33a4\" data-element_type=\"container\" data-settings=\"{&quot;background_background&quot;:&quot;classic&quot;}\">\n\t\t\t\t\t<div class=\"e-con-inner\">\n\t\t\t\t\t<\/div>\n\t\t\t\t<\/div>\n\t\t<div class=\"elementor-element elementor-element-efcbe06 e-flex e-con-boxed e-con e-parent\" data-id=\"efcbe06\" data-element_type=\"container\">\n\t\t\t\t\t<div class=\"e-con-inner\">\n\t\t<div class=\"elementor-element elementor-element-326516c e-con-full e-flex e-con e-child\" data-id=\"326516c\" data-element_type=\"container\">\n\t\t\t\t<div class=\"elementor-element elementor-element-8b63b3d elementor-widget elementor-widget-heading\" data-id=\"8b63b3d\" data-element_type=\"widget\" data-widget_type=\"heading.default\">\n\t\t\t\t\t<h3 class=\"elementor-heading-title elementor-size-default\">\u00daltimas Not\u00edcias<\/h3>\t\t\t\t<\/div>\n\t\t\t\t<\/div>\n\t\t<div class=\"elementor-element elementor-element-03f7c3b e-con-full e-flex e-con e-child\" data-id=\"03f7c3b\" data-element_type=\"container\">\n\t\t\t\t<div class=\"elementor-element elementor-element-ab57f7a elementor-widget elementor-widget-heading\" data-id=\"ab57f7a\" data-element_type=\"widget\" data-widget_type=\"heading.default\">\n\t\t\t\t\t<h3 class=\"elementor-heading-title elementor-size-default\">Not\u00edcias<\/h3>\t\t\t\t<\/div>\n\t\t\t\t<\/div>\n\t\t\t\t\t<\/div>\n\t\t\t\t<\/div>\n\t\t\t\t<\/div>\n\t\t","protected":false},"excerpt":{"rendered":"<p>\u00daltimas Not\u00edcias Not\u00edcias<\/p>\n","protected":false},"author":2,"featured_media":0,"parent":0,"menu_order":0,"comment_status":"closed","ping_status":"closed","template":"","meta":{"footnotes":""},"class_list":["post-9653","page","type-page","status-publish","hentry"],"_links":{"self":[{"href":"https:\/\/www.3tmillwork.com\/pt-pt\/wp-json\/wp\/v2\/pages\/9653","targetHints":{"allow":["GET"]}}],"collection":[{"href":"https:\/\/www.3tmillwork.com\/pt-pt\/wp-json\/wp\/v2\/pages"}],"about":[{"href":"https:\/\/www.3tmillwork.com\/pt-pt\/wp-json\/wp\/v2\/types\/page"}],"author":[{"embeddable":true,"href":"https:\/\/www.3tmillwork.com\/pt-pt\/wp-json\/wp\/v2\/users\/2"}],"replies":[{"embeddable":true,"href":"https:\/\/www.3tmillwork.com\/pt-pt\/wp-json\/wp\/v2\/comments?post=9653"}],"version-history":[{"count":0,"href":"https:\/\/www.3tmillwork.com\/pt-pt\/wp-json\/wp\/v2\/pages\/9653\/revisions"}],"wp:attachment":[{"href":"https:\/\/www.3tmillwork.com\/pt-pt\/wp-json\/wp\/v2\/media?parent=9653"}],"curies":[{"name":"wp","href":"https:\/\/api.w.org\/{rel}","templated":true}]}}