{"id":11856,"date":"2025-08-26T06:11:02","date_gmt":"2025-08-26T06:11:02","guid":{"rendered":"https:\/\/www.3tmillwork.com\/duvar-paneli\/"},"modified":"2026-03-11T09:13:01","modified_gmt":"2026-03-11T09:13:01","slug":"duvar-paneli","status":"publish","type":"page","link":"https:\/\/www.3tmillwork.com\/tr\/duvar-paneli\/","title":{"rendered":"Duvar Paneli"},"content":{"rendered":"\t\t<div data-elementor-type=\"wp-page\" data-elementor-id=\"11856\" class=\"elementor elementor-11856 elementor-6740\" data-elementor-post-type=\"page\">\n\t\t\t\t<div class=\"elementor-element elementor-element-61c5a31 e-flex e-con-boxed e-con e-parent\" data-id=\"61c5a31\" data-element_type=\"container\">\n\t\t\t\t\t<div class=\"e-con-inner\">\n\t\t<div class=\"elementor-element elementor-element-121e29b4 e-con-full elementor-hidden-mobile e-flex e-con e-child\" data-id=\"121e29b4\" data-element_type=\"container\">\n\t\t\t\t<div class=\"elementor-element elementor-element-6a2b499a elementor-widget elementor-widget-heading\" data-id=\"6a2b499a\" data-element_type=\"widget\" data-widget_type=\"heading.default\">\n\t\t\t\t\t<h3 class=\"elementor-heading-title elementor-size-default\">KATEGORILER<\/h3>\t\t\t\t<\/div>\n\t\t\t\t<div class=\"elementor-element elementor-element-7fb1ffcd elementor-widget elementor-widget-template\" data-id=\"7fb1ffcd\" data-element_type=\"widget\" data-widget_type=\"template.default\">\n\t\t\t\t<div class=\"elementor-widget-container\">\n\t\t\t\t\t\t\t<div class=\"elementor-template\">\r\n\t\t\t\t\t<div data-elementor-type=\"product-archive\" data-elementor-id=\"8940\" class=\"elementor elementor-8940 elementor-628 product\" data-elementor-post-type=\"elementor_library\">\r\n\t\t\t<div class=\"elementor-element elementor-element-03eb50b e-flex e-con-boxed e-con e-parent\" data-id=\"03eb50b\" data-element_type=\"container\">\n\t\t\t\t\t<div class=\"e-con-inner\">\n\t\t\t\t<div class=\"elementor-element elementor-element-b725d9d elementor-widget__width-inherit elementor-nav-menu__text-align-aside elementor-widget elementor-widget-nav-menu\" data-id=\"b725d9d\" data-element_type=\"widget\" data-settings=\"{&quot;layout&quot;:&quot;dropdown&quot;,&quot;submenu_icon&quot;:{&quot;value&quot;:&quot;&lt;svg aria-hidden=\\&quot;true\\&quot; class=\\&quot;e-font-icon-svg e-fas-caret-down\\&quot; viewBox=\\&quot;0 0 320 512\\&quot; xmlns=\\&quot;http:\\\/\\\/www.w3.org\\\/2000\\\/svg\\&quot;&gt;&lt;path d=\\&quot;M31.3 192h257.3c17.8 0 26.7 21.5 14.1 34.1L174.1 354.8c-7.8 7.8-20.5 7.8-28.3 0L17.2 226.1C4.6 213.5 13.5 192 31.3 192z\\&quot;&gt;&lt;\\\/path&gt;&lt;\\\/svg&gt;&quot;,&quot;library&quot;:&quot;fa-solid&quot;}}\" data-widget_type=\"nav-menu.default\">\n\t\t\t\t\t\t\t\t<nav class=\"elementor-nav-menu--dropdown elementor-nav-menu__container\" aria-hidden=\"true\">\r\n\t\t\t\t<ul id=\"menu-2-b725d9d\" class=\"elementor-nav-menu\"><li class=\"menu-item menu-item-type-post_type menu-item-object-page menu-item-has-children menu-item-8203\"><a href=\"https:\/\/www.3tmillwork.com\/moulding\/\" class=\"elementor-item\" tabindex=\"-1\">Kal\u0131plama<\/a>\n<ul class=\"sub-menu elementor-nav-menu--dropdown\">\n\t<li class=\"menu-item menu-item-type-post_type menu-item-object-page menu-item-5521\"><a href=\"https:\/\/www.3tmillwork.com\/moulding\/baseboard\/\" class=\"elementor-sub-item\" tabindex=\"-1\">Tabanl\u0131k<\/a><\/li>\n\t<li class=\"menu-item menu-item-type-post_type menu-item-object-page menu-item-5537\"><a href=\"https:\/\/www.3tmillwork.com\/moulding\/t-moulding\/\" class=\"elementor-sub-item\" tabindex=\"-1\">T-Kal\u0131plama<\/a><\/li>\n\t<li class=\"menu-item menu-item-type-post_type menu-item-object-page menu-item-5524\"><a href=\"https:\/\/www.3tmillwork.com\/moulding\/casing-moulding\/\" class=\"elementor-sub-item\" tabindex=\"-1\">K\u0131l\u0131f Kal\u0131plama<\/a><\/li>\n\t<li class=\"menu-item menu-item-type-post_type menu-item-object-page menu-item-5528\"><a href=\"https:\/\/www.3tmillwork.com\/moulding\/crown-moulding\/\" class=\"elementor-sub-item\" tabindex=\"-1\">Ta\u00e7 Kal\u0131plama<\/a><\/li>\n\t<li class=\"menu-item menu-item-type-post_type menu-item-object-page menu-item-5532\"><a href=\"https:\/\/www.3tmillwork.com\/moulding\/quarter-and-half-round\/\" class=\"elementor-sub-item\" tabindex=\"-1\">\u00c7eyrek ve Yar\u0131m Tur<\/a><\/li>\n\t<li class=\"menu-item menu-item-type-post_type menu-item-object-page menu-item-5538\"><a href=\"https:\/\/www.3tmillwork.com\/moulding\/window-boards-and-trim\/\" class=\"elementor-sub-item\" tabindex=\"-1\">Pencere Panolar\u0131 ve S\u00fcslemeler<\/a><\/li>\n\t<li class=\"menu-item menu-item-type-post_type menu-item-object-page menu-item-5526\"><a href=\"https:\/\/www.3tmillwork.com\/moulding\/corner-and-cove-moulding\/\" class=\"elementor-sub-item\" tabindex=\"-1\">K\u00f6\u015fe ve Koyu Kal\u0131plar\u0131<\/a><\/li>\n\t<li class=\"menu-item menu-item-type-post_type menu-item-object-page menu-item-5527\"><a href=\"https:\/\/www.3tmillwork.com\/moulding\/corner-block-moulding\/\" class=\"elementor-sub-item\" tabindex=\"-1\">K\u00f6\u015fe Blok Kal\u0131plama<\/a><\/li>\n\t<li class=\"menu-item menu-item-type-post_type menu-item-object-page menu-item-5530\"><a href=\"https:\/\/www.3tmillwork.com\/moulding\/panel-moulding\/\" class=\"elementor-sub-item\" tabindex=\"-1\">Panel Kal\u0131plama<\/a><\/li>\n\t<li class=\"menu-item menu-item-type-post_type menu-item-object-page menu-item-5522\"><a href=\"https:\/\/www.3tmillwork.com\/moulding\/bead-moulding\/\" class=\"elementor-sub-item\" tabindex=\"-1\">Boncuk Kal\u0131plama<\/a><\/li>\n\t<li class=\"menu-item menu-item-type-post_type menu-item-object-page menu-item-5525\"><a href=\"https:\/\/www.3tmillwork.com\/moulding\/chair-rail-moulding\/\" class=\"elementor-sub-item\" tabindex=\"-1\">Chair Rail Kal\u0131plama<\/a><\/li>\n\t<li class=\"menu-item menu-item-type-post_type menu-item-object-page menu-item-5535\"><a href=\"https:\/\/www.3tmillwork.com\/moulding\/stair-moulding\/\" class=\"elementor-sub-item\" tabindex=\"-1\">Merdiven Kal\u0131plama<\/a><\/li>\n\t<li class=\"menu-item menu-item-type-post_type menu-item-object-page menu-item-5529\"><a href=\"https:\/\/www.3tmillwork.com\/moulding\/door-jamb-and-stop\/\" class=\"elementor-sub-item\" tabindex=\"-1\">Kap\u0131 \u00c7ili\u011fi ve Dur<\/a><\/li>\n\t<li class=\"menu-item menu-item-type-post_type menu-item-object-page menu-item-5533\"><a href=\"https:\/\/www.3tmillwork.com\/moulding\/screen-moulding\/\" class=\"elementor-sub-item\" tabindex=\"-1\">Ekran Kal\u0131plama<\/a><\/li>\n\t<li class=\"menu-item menu-item-type-post_type menu-item-object-page menu-item-5523\"><a href=\"https:\/\/www.3tmillwork.com\/moulding\/beams\/\" class=\"elementor-sub-item\" tabindex=\"-1\">Kiri\u015fler<\/a><\/li>\n\t<li class=\"menu-item menu-item-type-post_type menu-item-object-page menu-item-8204\"><a href=\"https:\/\/www.3tmillwork.com\/moulding\/shoe-moulding\/\" class=\"elementor-sub-item\" tabindex=\"-1\">Ayakkab\u0131 Kal\u0131plama<\/a><\/li>\n<\/ul>\n<\/li>\n<li class=\"menu-item menu-item-type-post_type menu-item-object-page menu-item-5531\"><a href=\"https:\/\/www.3tmillwork.com\/picture-frame\/\" class=\"elementor-item\" tabindex=\"-1\">Resim \u00c7er\u00e7evesi<\/a><\/li>\n<li class=\"menu-item menu-item-type-post_type menu-item-object-page menu-item-has-children menu-item-6746\"><a href=\"https:\/\/www.3tmillwork.com\/wall-panel\/\" class=\"elementor-item\" tabindex=\"-1\">Duvar Paneli<\/a>\n<ul class=\"sub-menu elementor-nav-menu--dropdown\">\n\t<li class=\"menu-item menu-item-type-post_type menu-item-object-page menu-item-8206\"><a href=\"https:\/\/www.3tmillwork.com\/wall-panel\/acoustic-slat-wall-panel\/\" class=\"elementor-sub-item\" tabindex=\"-1\">Akustik Slat Duvar Paneli<\/a><\/li>\n\t<li class=\"menu-item menu-item-type-post_type menu-item-object-page menu-item-8207\"><a href=\"https:\/\/www.3tmillwork.com\/wall-panel\/faux-brick-wall-panel\/\" class=\"elementor-sub-item\" tabindex=\"-1\">Sahte Tu\u011fla Duvar Paneli<\/a><\/li>\n\t<li class=\"menu-item menu-item-type-post_type menu-item-object-page menu-item-5536\"><a href=\"https:\/\/www.3tmillwork.com\/wall-panel\/t-and-g-wainscot\/\" class=\"elementor-sub-item\" tabindex=\"-1\">T ve G Wainscot<\/a><\/li>\n\t<li class=\"menu-item menu-item-type-post_type menu-item-object-page menu-item-5534\"><a href=\"https:\/\/www.3tmillwork.com\/wall-panel\/shiplap\/\" class=\"elementor-sub-item\" tabindex=\"-1\">Shiplap<\/a><\/li>\n<\/ul>\n<\/li>\n<li class=\"menu-item menu-item-type-post_type menu-item-object-page menu-item-7867\"><a href=\"https:\/\/www.3tmillwork.com\/handrail\/\" class=\"elementor-item\" tabindex=\"-1\">Korkuluk<\/a><\/li>\n<li class=\"menu-item menu-item-type-post_type menu-item-object-page menu-item-8153\"><a href=\"https:\/\/www.3tmillwork.com\/column\/\" class=\"elementor-item\" tabindex=\"-1\">S\u00fctun<\/a><\/li>\n<li class=\"menu-item menu-item-type-post_type menu-item-object-page menu-item-has-children menu-item-7899\"><a href=\"https:\/\/www.3tmillwork.com\/door\/\" class=\"elementor-item\" tabindex=\"-1\">Kap\u0131<\/a>\n<ul class=\"sub-menu elementor-nav-menu--dropdown\">\n\t<li class=\"menu-item menu-item-type-post_type menu-item-object-page menu-item-8208\"><a href=\"https:\/\/www.3tmillwork.com\/door\/mdf-interior-doors\/\" class=\"elementor-sub-item\" tabindex=\"-1\">MDF \u0130\u00e7 Kap\u0131lar<\/a><\/li>\n<\/ul>\n<\/li>\n<li class=\"menu-item menu-item-type-post_type menu-item-object-page menu-item-8011\"><a href=\"https:\/\/www.3tmillwork.com\/mdf\/\" class=\"elementor-item\" tabindex=\"-1\">MDF<\/a><\/li>\n<li class=\"menu-item menu-item-type-post_type menu-item-object-page menu-item-8055\"><a href=\"https:\/\/www.3tmillwork.com\/particle-board\/\" class=\"elementor-item\" tabindex=\"-1\">Yonga Levha<\/a><\/li>\n<li class=\"menu-item menu-item-type-post_type menu-item-object-page menu-item-8112\"><a href=\"https:\/\/www.3tmillwork.com\/plywood\/\" class=\"elementor-item\" tabindex=\"-1\">Kontrplak<\/a><\/li>\n<\/ul>\t\t\t<\/nav>\r\n\t\t\t\t\t\t<\/div>\n\t\t\t\t\t<\/div>\n\t\t\t\t<\/div>\n\t\t\t\t<\/div>\r\n\t\t\t\t<\/div>\r\n\t\t\t\t\t\t<\/div>\n\t\t\t\t<\/div>\n\t\t\t\t<\/div>\n\t\t<div class=\"elementor-element elementor-element-6c40ced5 e-con-full e-flex e-con e-child\" data-id=\"6c40ced5\" data-element_type=\"container\">\n\t\t\t\t<div class=\"elementor-element elementor-element-6333e36e elementor-widget elementor-widget-kevinchen_category_products\" data-id=\"6333e36e\" data-element_type=\"widget\" data-widget_type=\"kevinchen_category_products.default\">\n\t\t\t\t<div class=\"elementor-widget-container\">\n\t\t\t\t\t        <div class=\"kevinchen-category-products-widget\" data-widget-id=\"6333e36e\" data-current-page=\"1\" data-categories=\"91\" data-products-per-page=\"9\" data-columns=\"3\">\n            <div class=\"kcp-products-container\">\n                                    <div class=\"kcp-products-grid columns-3\">\n                                                                                <div class=\"kcp-product-item\">\n                                <a href=\"https:\/\/www.3tmillwork.com\/tr\/akustik-slat-duvar-paneli\/akustik-ses-panelleri\/\" class=\"kcp-product-link\">\n                                    <div class=\"kcp-product-image-wrapper\">\n                                        <img decoding=\"async\" src=\"https:\/\/www.3tmillwork.com\/wp-content\/uploads\/2026\/01\/acoustic-sound-panels-9-300x300.jpg\" alt=\"Akustik Ses Panelleri\" class=\"kcp-product-image\">\n                                    <\/div>\n                                    <h3 class=\"kcp-product-title\">Akustik Ses Panelleri<\/h3>\n                                <\/a>\n                            <\/div>\n                                                                                <div class=\"kcp-product-item\">\n                                <a href=\"https:\/\/www.3tmillwork.com\/tr\/t-ve-g-wainscot\/siyah-duvar-kaplamasi\/\" class=\"kcp-product-link\">\n                                    <div class=\"kcp-product-image-wrapper\">\n                                        <img decoding=\"async\" src=\"https:\/\/www.3tmillwork.com\/wp-content\/uploads\/2026\/01\/black-wainscotting-10-300x300.jpg\" alt=\"Siyah Duvar Kaplamas\u0131\" class=\"kcp-product-image\">\n                                    <\/div>\n                                    <h3 class=\"kcp-product-title\">Siyah Duvar Kaplamas\u0131<\/h3>\n                                <\/a>\n                            <\/div>\n                                                                                <div class=\"kcp-product-item\">\n                                <a href=\"https:\/\/www.3tmillwork.com\/tr\/shiplap\/beyaz-shiplap\/\" class=\"kcp-product-link\">\n                                    <div class=\"kcp-product-image-wrapper\">\n                                        <img decoding=\"async\" src=\"https:\/\/www.3tmillwork.com\/wp-content\/uploads\/2026\/01\/white-shiplap-10-300x300.jpg\" alt=\"Beyaz Shiplap\" class=\"kcp-product-image\">\n                                    <\/div>\n                                    <h3 class=\"kcp-product-title\">Beyaz Shiplap<\/h3>\n                                <\/a>\n                            <\/div>\n                                                                                <div class=\"kcp-product-item\">\n                                <a href=\"https:\/\/www.3tmillwork.com\/tr\/sahte-tugla-duvar-paneli\/sahte-tugla-duvar\/\" class=\"kcp-product-link\">\n                                    <div class=\"kcp-product-image-wrapper\">\n                                        <img decoding=\"async\" src=\"https:\/\/www.3tmillwork.com\/wp-content\/uploads\/2025\/12\/false-brick-wall-9-300x300.jpg\" alt=\"Sahte Tu\u011fla Duvar\" class=\"kcp-product-image\">\n                                    <\/div>\n                                    <h3 class=\"kcp-product-title\">Sahte Tu\u011fla Duvar<\/h3>\n                                <\/a>\n                            <\/div>\n                                                                                <div class=\"kcp-product-item\">\n                                <a href=\"https:\/\/www.3tmillwork.com\/tr\/akustik-slat-duvar-paneli\/akustik-slat-duvar-paneli\/\" class=\"kcp-product-link\">\n                                    <div class=\"kcp-product-image-wrapper\">\n                                        <img decoding=\"async\" src=\"https:\/\/www.3tmillwork.com\/wp-content\/uploads\/2025\/12\/acoustic-slat-wall-panel-8-300x300.jpg\" alt=\"Akustik Slat Duvar Paneli\" class=\"kcp-product-image\">\n                                    <\/div>\n                                    <h3 class=\"kcp-product-title\">Akustik Slat Duvar Paneli<\/h3>\n                                <\/a>\n                            <\/div>\n                                                                                <div class=\"kcp-product-item\">\n                                <a href=\"https:\/\/www.3tmillwork.com\/tr\/sahte-tugla-duvar-paneli\/sahte-tugla-duvar-panelleri\/\" class=\"kcp-product-link\">\n                                    <div class=\"kcp-product-image-wrapper\">\n                                        <img decoding=\"async\" src=\"https:\/\/www.3tmillwork.com\/wp-content\/uploads\/2025\/08\/faux-brick-wall-panels-300x300.jpg\" alt=\"Sahte Tu\u011fla Duvar Panelleri\" class=\"kcp-product-image\">\n                                    <\/div>\n                                    <h3 class=\"kcp-product-title\">Sahte Tu\u011fla Duvar Panelleri<\/h3>\n                                <\/a>\n                            <\/div>\n                                                                                <div class=\"kcp-product-item\">\n                                <a href=\"https:\/\/www.3tmillwork.com\/tr\/akustik-slat-duvar-paneli\/akustik-slat-ahsap-duvar-panelleri\/\" class=\"kcp-product-link\">\n                                    <div class=\"kcp-product-image-wrapper\">\n                                        <img decoding=\"async\" src=\"https:\/\/www.3tmillwork.com\/wp-content\/uploads\/2025\/08\/Acoustic-Slat-Wood-Wall-Panels-300x300.jpg\" alt=\"Akustik Slat Ah\u015fap Duvar Panelleri\" class=\"kcp-product-image\">\n                                    <\/div>\n                                    <h3 class=\"kcp-product-title\">Akustik Slat Ah\u015fap Duvar Panelleri<\/h3>\n                                <\/a>\n                            <\/div>\n                                            <\/div>\n                    \n                                        \n                                \n                            <\/div>\n        <\/div>\n        \t\t\t\t<\/div>\n\t\t\t\t<\/div>\n\t\t\t\t<\/div>\n\t\t\t\t\t<\/div>\n\t\t\t\t<\/div>\n\t\t\t\t<\/div>\n\t\t","protected":false},"excerpt":{"rendered":"<p>KATEGORILER Acoustic Sound Panels Black Wainscotting White Shiplap False Brick Wall Acoustic Slat Wall Panel Faux Brick Wall Panels Acoustic Slat Wood Wall Panels<\/p>\n","protected":false},"author":2,"featured_media":0,"parent":0,"menu_order":0,"comment_status":"closed","ping_status":"closed","template":"","meta":{"footnotes":""},"class_list":["post-11856","page","type-page","status-publish","hentry"],"_links":{"self":[{"href":"https:\/\/www.3tmillwork.com\/tr\/wp-json\/wp\/v2\/pages\/11856","targetHints":{"allow":["GET"]}}],"collection":[{"href":"https:\/\/www.3tmillwork.com\/tr\/wp-json\/wp\/v2\/pages"}],"about":[{"href":"https:\/\/www.3tmillwork.com\/tr\/wp-json\/wp\/v2\/types\/page"}],"author":[{"embeddable":true,"href":"https:\/\/www.3tmillwork.com\/tr\/wp-json\/wp\/v2\/users\/2"}],"replies":[{"embeddable":true,"href":"https:\/\/www.3tmillwork.com\/tr\/wp-json\/wp\/v2\/comments?post=11856"}],"version-history":[{"count":0,"href":"https:\/\/www.3tmillwork.com\/tr\/wp-json\/wp\/v2\/pages\/11856\/revisions"}],"wp:attachment":[{"href":"https:\/\/www.3tmillwork.com\/tr\/wp-json\/wp\/v2\/media?parent=11856"}],"curies":[{"name":"wp","href":"https:\/\/api.w.org\/{rel}","templated":true}]}}